{"id":1492,"date":"2023-12-06T11:06:34","date_gmt":"2023-12-06T11:06:34","guid":{"rendered":"http:\/\/transito.nl\/disclaimer\/"},"modified":"2023-12-21T12:53:57","modified_gmt":"2023-12-21T12:53:57","slug":"haftungsausschluss","status":"publish","type":"page","link":"https:\/\/transito.nl\/de\/haftungsausschluss\/","title":{"rendered":"Haftungsausschluss"},"content":{"rendered":"[vc_row type=&#8221;in_container&#8221; full_screen_row_position=&#8221;middle&#8221; column_margin=&#8221;default&#8221; column_direction=&#8221;default&#8221; column_direction_tablet=&#8221;default&#8221; column_direction_phone=&#8221;default&#8221; scene_position=&#8221;center&#8221; text_color=&#8221;dark&#8221; text_align=&#8221;left&#8221; row_border_radius=&#8221;none&#8221; row_border_radius_applies=&#8221;bg&#8221; overflow=&#8221;visible&#8221; overlay_strength=&#8221;0.3&#8243; gradient_direction=&#8221;left_to_right&#8221; shape_divider_position=&#8221;bottom&#8221; bg_image_animation=&#8221;none&#8221;][vc_column column_padding=&#8221;no-extra-padding&#8221; column_padding_tablet=&#8221;inherit&#8221; column_padding_phone=&#8221;inherit&#8221; column_padding_position=&#8221;all&#8221; column_element_direction_desktop=&#8221;default&#8221; column_element_spacing=&#8221;default&#8221; desktop_text_alignment=&#8221;default&#8221; tablet_text_alignment=&#8221;default&#8221; phone_text_alignment=&#8221;default&#8221; background_color_opacity=&#8221;1&#8243; background_hover_color_opacity=&#8221;1&#8243; column_backdrop_filter=&#8221;none&#8221; column_shadow=&#8221;none&#8221; column_border_radius=&#8221;none&#8221; column_link_target=&#8221;_self&#8221; column_position=&#8221;default&#8221; gradient_direction=&#8221;left_to_right&#8221; overlay_strength=&#8221;0.3&#8243; width=&#8221;1\/1&#8243; tablet_width_inherit=&#8221;default&#8221; animation_type=&#8221;default&#8221; bg_image_animation=&#8221;none&#8221; border_type=&#8221;simple&#8221; column_border_width=&#8221;none&#8221; column_border_style=&#8221;solid&#8221;][vc_column_text]\r\n<h2 class=\"wp-block-heading\">Haftungsausschluss<\/h2>\r\n<p>Diese Seite enth\u00e4lt den Haftungsausschluss von <a href=\"http:\/\/transito.nl\/\" target=\"_new\" rel=\"noopener\">http:\/\/transito.nl<\/a>, wie er von Transito zur Verf\u00fcgung gestellt wird. In diesem Haftungsausschluss geben wir an, unter welchem Vorbehalt wir Ihnen die Informationen auf unserer Website anbieten.<\/p>\r\n<p><strong>Geestiges Eigentum<\/strong> <br \/>Die Nutzung der Informationen auf dieser Website ist kostenlos, solange Sie diese Informationen nicht kopieren, verbreiten oder anderweitig verwenden oder missbrauchen. Sie d\u00fcrfen die Informationen auf dieser Website nur gem\u00e4\u00df den Bestimmungen des zwingenden Rechts wiederverwenden. Ohne ausdr\u00fcckliche schriftliche Genehmigung von Transito ist es nicht gestattet, Texte, Fotomaterial oder andere Materialien auf dieser Website wiederzuverwenden. Das geistige Eigentum liegt bei Transito.<br \/><b data-stringify-type=\"bold\">\u00a0<\/b><br \/><strong>Keine Gew\u00e4hr f\u00fcr Richtigkeit<\/strong><br \/><strong>Sofern zutreffend:<\/strong><br \/>F\u00fcr die auf unserer Website bereitgestellten Informationen streben wir nach einer m\u00f6glichst sorgf\u00e4ltigen Darstellung der Realit\u00e4t. Fehler, die dabei entstehen und als Programmier- oder Tippfehler erkennbar sind, stellen niemals einen Anlass dar, einen Vertrag oder eine Vereinbarung mit Transito zu beanspruchen oder anzunehmen. Transito strebt nach einer m\u00f6glichst aktuellen Website. Sollten trotz dieser Bem\u00fchungen die Informationen oder der Inhalt auf dieser Website unvollst\u00e4ndig oder unrichtig sein, k\u00f6nnen wir daf\u00fcr keine Haftung \u00fcbernehmen. Die Informationen und\/oder Produkte auf dieser Website werden ohne jegliche Gew\u00e4hrleistung und\/oder Anspruch auf Richtigkeit angeboten. Wir behalten uns das Recht vor, diese Materialien ohne jegliche vorherige Ank\u00fcndigung zu \u00e4ndern, zu l\u00f6schen oder erneut zu ver\u00f6ffentlichen. Transito \u00fcbernimmt keine Haftung f\u00fcr Informationen auf Websites, auf die wir \u00fcber Hyperlinks verweisen.<\/p>\r\n<p><strong>\u00c4nderungen<\/strong><br \/>Sollte sich dieser Haftungsausschluss \u00e4ndern, finden Sie die aktuellste Version des Haftungsausschlusses auf dieser Seite.<\/p>\r\n[\/vc_column_text][\/vc_column][\/vc_row]","protected":false},"excerpt":{"rendered":"<p>[vc_row type=&#8221;in_container&#8221; full_screen_row_position=&#8221;middle&#8221; column_margin=&#8221;default&#8221; column_direction=&#8221;default&#8221; column_direction_tablet=&#8221;default&#8221; column_direction_phone=&#8221;default&#8221; scene_position=&#8221;center&#8221; text_color=&#8221;dark&#8221; text_align=&#8221;left&#8221; row_border_radius=&#8221;none&#8221; row_border_radius_applies=&#8221;bg&#8221; overflow=&#8221;visible&#8221; overlay_strength=&#8221;0.3&#8243; gradient_direction=&#8221;left_to_right&#8221; shape_divider_position=&#8221;bottom&#8221; bg_image_animation=&#8221;none&#8221;][vc_column column_padding=&#8221;no-extra-padding&#8221; column_padding_tablet=&#8221;inherit&#8221; column_padding_phone=&#8221;inherit&#8221; column_padding_position=&#8221;all&#8221; column_element_direction_desktop=&#8221;default&#8221; column_element_spacing=&#8221;default&#8221; desktop_text_alignment=&#8221;default&#8221; tablet_text_alignment=&#8221;default&#8221; phone_text_alignment=&#8221;default&#8221; background_color_opacity=&#8221;1&#8243; background_hover_color_opacity=&#8221;1&#8243; column_backdrop_filter=&#8221;none&#8221; column_shadow=&#8221;none&#8221;&#8230;<\/p>\n","protected":false},"author":4,"featured_media":0,"parent":0,"menu_order":0,"comment_status":"closed","ping_status":"open","template":"","meta":{"inline_featured_image":false,"footnotes":""},"class_list":["post-1492","page","type-page","status-publish"],"yoast_head":"<!-- This site is optimized with the Yoast SEO plugin v26.3 - https:\/\/yoast.com\/wordpress\/plugins\/seo\/ -->\n<title>Die Haftungsaussage von Transito | Wie gehen wir mit Daten um<\/title>\n<meta name=\"robots\" content=\"noindex, nofollow\" \/>\n<meta property=\"og:locale\" content=\"de_DE\" \/>\n<meta property=\"og:type\" content=\"article\" \/>\n<meta property=\"og:title\" content=\"Die Haftungsaussage von Transito | Wie gehen wir mit Daten um\" \/>\n<meta property=\"og:description\" content=\"[vc_row type=&#8221;in_container&#8221; full_screen_row_position=&#8221;middle&#8221; column_margin=&#8221;default&#8221; column_direction=&#8221;default&#8221; column_direction_tablet=&#8221;default&#8221; column_direction_phone=&#8221;default&#8221; scene_position=&#8221;center&#8221; text_color=&#8221;dark&#8221; text_align=&#8221;left&#8221; row_border_radius=&#8221;none&#8221; row_border_radius_applies=&#8221;bg&#8221; overflow=&#8221;visible&#8221; overlay_strength=&#8221;0.3&#8243; gradient_direction=&#8221;left_to_right&#8221; shape_divider_position=&#8221;bottom&#8221; bg_image_animation=&#8221;none&#8221;][vc_column column_padding=&#8221;no-extra-padding&#8221; column_padding_tablet=&#8221;inherit&#8221; column_padding_phone=&#8221;inherit&#8221; column_padding_position=&#8221;all&#8221; column_element_direction_desktop=&#8221;default&#8221; column_element_spacing=&#8221;default&#8221; desktop_text_alignment=&#8221;default&#8221; tablet_text_alignment=&#8221;default&#8221; phone_text_alignment=&#8221;default&#8221; background_color_opacity=&#8221;1&#8243; background_hover_color_opacity=&#8221;1&#8243; column_backdrop_filter=&#8221;none&#8221; column_shadow=&#8221;none&#8221;...\" \/>\n<meta property=\"og:url\" content=\"https:\/\/transito.nl\/de\/haftungsausschluss\/\" \/>\n<meta property=\"og:site_name\" content=\"Transito\" \/>\n<meta property=\"article:modified_time\" content=\"2023-12-21T12:53:57+00:00\" \/>\n<meta name=\"twitter:card\" content=\"summary_large_image\" \/>\n<meta name=\"twitter:label1\" content=\"Gesch\u00e4tzte Lesezeit\" \/>\n\t<meta name=\"twitter:data1\" content=\"2\u00a0Minuten\" \/>\n<script type=\"application\/ld+json\" class=\"yoast-schema-graph\">{\"@context\":\"https:\/\/schema.org\",\"@graph\":[{\"@type\":\"WebPage\",\"@id\":\"https:\/\/transito.nl\/de\/haftungsausschluss\/\",\"url\":\"https:\/\/transito.nl\/de\/haftungsausschluss\/\",\"name\":\"Die Haftungsaussage von Transito | Wie gehen wir mit Daten um\",\"isPartOf\":{\"@id\":\"https:\/\/transito.nl\/#website\"},\"datePublished\":\"2023-12-06T11:06:34+00:00\",\"dateModified\":\"2023-12-21T12:53:57+00:00\",\"breadcrumb\":{\"@id\":\"https:\/\/transito.nl\/de\/haftungsausschluss\/#breadcrumb\"},\"inLanguage\":\"de\",\"potentialAction\":[{\"@type\":\"ReadAction\",\"target\":[\"https:\/\/transito.nl\/de\/haftungsausschluss\/\"]}]},{\"@type\":\"BreadcrumbList\",\"@id\":\"https:\/\/transito.nl\/de\/haftungsausschluss\/#breadcrumb\",\"itemListElement\":[{\"@type\":\"ListItem\",\"position\":1,\"name\":\"Home\",\"item\":\"https:\/\/transito.nl\/de\/\"},{\"@type\":\"ListItem\",\"position\":2,\"name\":\"Haftungsausschluss\"}]},{\"@type\":\"WebSite\",\"@id\":\"https:\/\/transito.nl\/#website\",\"url\":\"https:\/\/transito.nl\/\",\"name\":\"Transito Bevrachting\",\"description\":\"Binnenvaart, zeevaart &amp; agentschap\",\"publisher\":{\"@id\":\"https:\/\/transito.nl\/#organization\"},\"alternateName\":\"Transito Bevrachting\",\"potentialAction\":[{\"@type\":\"SearchAction\",\"target\":{\"@type\":\"EntryPoint\",\"urlTemplate\":\"https:\/\/transito.nl\/?s={search_term_string}\"},\"query-input\":{\"@type\":\"PropertyValueSpecification\",\"valueRequired\":true,\"valueName\":\"search_term_string\"}}],\"inLanguage\":\"de\"},{\"@type\":\"Organization\",\"@id\":\"https:\/\/transito.nl\/#organization\",\"name\":\"Transito Bevrachting\",\"alternateName\":\"Transito Bevrachting\",\"url\":\"https:\/\/transito.nl\/\",\"logo\":{\"@type\":\"ImageObject\",\"inLanguage\":\"de\",\"@id\":\"https:\/\/transito.nl\/#\/schema\/logo\/image\/\",\"url\":\"http:\/\/transito.nl\/wp-content\/uploads\/2023\/11\/transito-light.svg\",\"contentUrl\":\"http:\/\/transito.nl\/wp-content\/uploads\/2023\/11\/transito-light.svg\",\"width\":\"1024\",\"height\":\"1024\",\"caption\":\"Transito Bevrachting\"},\"image\":{\"@id\":\"https:\/\/transito.nl\/#\/schema\/logo\/image\/\"}}]}<\/script>\n<!-- \/ Yoast SEO plugin. -->","yoast_head_json":{"title":"Die Haftungsaussage von Transito | Wie gehen wir mit Daten um","robots":{"index":"noindex","follow":"nofollow"},"og_locale":"de_DE","og_type":"article","og_title":"Die Haftungsaussage von Transito | Wie gehen wir mit Daten um","og_description":"[vc_row type=&#8221;in_container&#8221; full_screen_row_position=&#8221;middle&#8221; column_margin=&#8221;default&#8221; column_direction=&#8221;default&#8221; column_direction_tablet=&#8221;default&#8221; column_direction_phone=&#8221;default&#8221; scene_position=&#8221;center&#8221; text_color=&#8221;dark&#8221; text_align=&#8221;left&#8221; row_border_radius=&#8221;none&#8221; row_border_radius_applies=&#8221;bg&#8221; overflow=&#8221;visible&#8221; overlay_strength=&#8221;0.3&#8243; gradient_direction=&#8221;left_to_right&#8221; shape_divider_position=&#8221;bottom&#8221; bg_image_animation=&#8221;none&#8221;][vc_column column_padding=&#8221;no-extra-padding&#8221; column_padding_tablet=&#8221;inherit&#8221; column_padding_phone=&#8221;inherit&#8221; column_padding_position=&#8221;all&#8221; column_element_direction_desktop=&#8221;default&#8221; column_element_spacing=&#8221;default&#8221; desktop_text_alignment=&#8221;default&#8221; tablet_text_alignment=&#8221;default&#8221; phone_text_alignment=&#8221;default&#8221; background_color_opacity=&#8221;1&#8243; background_hover_color_opacity=&#8221;1&#8243; column_backdrop_filter=&#8221;none&#8221; column_shadow=&#8221;none&#8221;...","og_url":"https:\/\/transito.nl\/de\/haftungsausschluss\/","og_site_name":"Transito","article_modified_time":"2023-12-21T12:53:57+00:00","twitter_card":"summary_large_image","twitter_misc":{"Gesch\u00e4tzte Lesezeit":"2\u00a0Minuten"},"schema":{"@context":"https:\/\/schema.org","@graph":[{"@type":"WebPage","@id":"https:\/\/transito.nl\/de\/haftungsausschluss\/","url":"https:\/\/transito.nl\/de\/haftungsausschluss\/","name":"Die Haftungsaussage von Transito | Wie gehen wir mit Daten um","isPartOf":{"@id":"https:\/\/transito.nl\/#website"},"datePublished":"2023-12-06T11:06:34+00:00","dateModified":"2023-12-21T12:53:57+00:00","breadcrumb":{"@id":"https:\/\/transito.nl\/de\/haftungsausschluss\/#breadcrumb"},"inLanguage":"de","potentialAction":[{"@type":"ReadAction","target":["https:\/\/transito.nl\/de\/haftungsausschluss\/"]}]},{"@type":"BreadcrumbList","@id":"https:\/\/transito.nl\/de\/haftungsausschluss\/#breadcrumb","itemListElement":[{"@type":"ListItem","position":1,"name":"Home","item":"https:\/\/transito.nl\/de\/"},{"@type":"ListItem","position":2,"name":"Haftungsausschluss"}]},{"@type":"WebSite","@id":"https:\/\/transito.nl\/#website","url":"https:\/\/transito.nl\/","name":"Transito Bevrachting","description":"Binnenvaart, zeevaart &amp; agentschap","publisher":{"@id":"https:\/\/transito.nl\/#organization"},"alternateName":"Transito Bevrachting","potentialAction":[{"@type":"SearchAction","target":{"@type":"EntryPoint","urlTemplate":"https:\/\/transito.nl\/?s={search_term_string}"},"query-input":{"@type":"PropertyValueSpecification","valueRequired":true,"valueName":"search_term_string"}}],"inLanguage":"de"},{"@type":"Organization","@id":"https:\/\/transito.nl\/#organization","name":"Transito Bevrachting","alternateName":"Transito Bevrachting","url":"https:\/\/transito.nl\/","logo":{"@type":"ImageObject","inLanguage":"de","@id":"https:\/\/transito.nl\/#\/schema\/logo\/image\/","url":"http:\/\/transito.nl\/wp-content\/uploads\/2023\/11\/transito-light.svg","contentUrl":"http:\/\/transito.nl\/wp-content\/uploads\/2023\/11\/transito-light.svg","width":"1024","height":"1024","caption":"Transito Bevrachting"},"image":{"@id":"https:\/\/transito.nl\/#\/schema\/logo\/image\/"}}]}},"_links":{"self":[{"href":"https:\/\/transito.nl\/de\/wp-json\/wp\/v2\/pages\/1492","targetHints":{"allow":["GET"]}}],"collection":[{"href":"https:\/\/transito.nl\/de\/wp-json\/wp\/v2\/pages"}],"about":[{"href":"https:\/\/transito.nl\/de\/wp-json\/wp\/v2\/types\/page"}],"author":[{"embeddable":true,"href":"https:\/\/transito.nl\/de\/wp-json\/wp\/v2\/users\/4"}],"replies":[{"embeddable":true,"href":"https:\/\/transito.nl\/de\/wp-json\/wp\/v2\/comments?post=1492"}],"version-history":[{"count":3,"href":"https:\/\/transito.nl\/de\/wp-json\/wp\/v2\/pages\/1492\/revisions"}],"predecessor-version":[{"id":1676,"href":"https:\/\/transito.nl\/de\/wp-json\/wp\/v2\/pages\/1492\/revisions\/1676"}],"wp:attachment":[{"href":"https:\/\/transito.nl\/de\/wp-json\/wp\/v2\/media?parent=1492"}],"curies":[{"name":"wp","href":"https:\/\/api.w.org\/{rel}","templated":true}]}}