{"id":1518,"date":"2023-11-20T16:31:16","date_gmt":"2023-11-20T16:31:16","guid":{"rendered":"http:\/\/transito.nl\/nieuws-updates\/"},"modified":"2024-09-05T13:35:47","modified_gmt":"2024-09-05T13:35:47","slug":"nachrichten-aktualisierungen","status":"publish","type":"page","link":"https:\/\/transito.nl\/de\/nachrichten-aktualisierungen\/","title":{"rendered":"Nachrichten &#038; Aktualisierungen"},"content":{"rendered":"[vc_row type=&#8221;full_width_background&#8221; full_screen_row_position=&#8221;middle&#8221; column_margin=&#8221;default&#8221; column_direction=&#8221;default&#8221; column_direction_tablet=&#8221;default&#8221; column_direction_phone=&#8221;default&#8221; bg_color=&#8221;#021c29&#8243; bg_image=&#8221;98&#8243; bg_position=&#8221;center center&#8221; background_image_loading=&#8221;default&#8221; bg_repeat=&#8221;no-repeat&#8221; scene_position=&#8221;center&#8221; top_padding=&#8221;10%&#8221; bottom_padding=&#8221;100px&#8221; top_padding_phone=&#8221;100px&#8221; bottom_padding_phone=&#8221;100px&#8221; text_color=&#8221;light&#8221; text_align=&#8221;left&#8221; row_border_radius=&#8221;none&#8221; row_border_radius_applies=&#8221;bg&#8221; overflow=&#8221;visible&#8221; class=&#8221;swoosh-orange&#8221; color_overlay_2=&#8221;rgba(2,28,41,0.01)&#8221; overlay_strength=&#8221;0.5&#8243; gradient_direction=&#8221;left_to_right&#8221; shape_divider_position=&#8221;bottom&#8221; bg_image_animation=&#8221;none&#8221; gradient_type=&#8221;default&#8221; shape_type=&#8221;&#8221;][vc_column column_padding=&#8221;no-extra-padding&#8221; column_padding_tablet=&#8221;inherit&#8221; column_padding_phone=&#8221;inherit&#8221; column_padding_position=&#8221;all&#8221; column_element_direction_desktop=&#8221;default&#8221; column_element_spacing=&#8221;default&#8221; desktop_text_alignment=&#8221;default&#8221; tablet_text_alignment=&#8221;default&#8221; phone_text_alignment=&#8221;default&#8221; background_color_opacity=&#8221;1&#8243; background_hover_color_opacity=&#8221;1&#8243; column_backdrop_filter=&#8221;none&#8221; column_shadow=&#8221;none&#8221; column_border_radius=&#8221;none&#8221; column_link_target=&#8221;_self&#8221; column_position=&#8221;default&#8221; gradient_direction=&#8221;left_to_right&#8221; overlay_strength=&#8221;0.3&#8243; width=&#8221;1\/1&#8243; tablet_width_inherit=&#8221;default&#8221; animation_type=&#8221;default&#8221; bg_image_animation=&#8221;none&#8221; border_type=&#8221;simple&#8221; column_border_width=&#8221;none&#8221; column_border_style=&#8221;solid&#8221;][vc_row_inner column_margin=&#8221;default&#8221; column_direction=&#8221;default&#8221; column_direction_tablet=&#8221;default&#8221; column_direction_phone=&#8221;default&#8221; text_align=&#8221;left&#8221; row_position=&#8221;default&#8221; row_position_tablet=&#8221;inherit&#8221; row_position_phone=&#8221;inherit&#8221; overflow=&#8221;visible&#8221; pointer_events=&#8221;all&#8221;][vc_column_inner column_padding=&#8221;no-extra-padding&#8221; column_padding_tablet=&#8221;inherit&#8221; column_padding_phone=&#8221;inherit&#8221; column_padding_position=&#8221;all&#8221; column_element_direction_desktop=&#8221;default&#8221; column_element_spacing=&#8221;default&#8221; desktop_text_alignment=&#8221;default&#8221; tablet_text_alignment=&#8221;default&#8221; phone_text_alignment=&#8221;default&#8221; background_color_opacity=&#8221;1&#8243; background_hover_color_opacity=&#8221;1&#8243; column_backdrop_filter=&#8221;none&#8221; column_shadow=&#8221;none&#8221; column_border_radius=&#8221;none&#8221; column_link_target=&#8221;_self&#8221; overflow=&#8221;visible&#8221; gradient_direction=&#8221;left_to_right&#8221; overlay_strength=&#8221;0.3&#8243; width=&#8221;1\/2&#8243; tablet_width_inherit=&#8221;default&#8221; animation_type=&#8221;default&#8221; bg_image_animation=&#8221;none&#8221; border_type=&#8221;simple&#8221; column_border_width=&#8221;none&#8221; column_border_style=&#8221;solid&#8221;][vc_column_text]\n<h1>Nachrichten &amp; Aktualisierungen<\/h1>\n[\/vc_column_text][vc_column_text]<span class=\"breadcrumbs\"><span><span><a href=\"https:\/\/transito.nl\/de\/\">Home<\/a><\/span><\/span><\/span>[\/vc_column_text][\/vc_column_inner][vc_column_inner column_padding=&#8221;no-extra-padding&#8221; column_padding_tablet=&#8221;inherit&#8221; column_padding_phone=&#8221;inherit&#8221; column_padding_position=&#8221;all&#8221; column_element_direction_desktop=&#8221;default&#8221; column_element_spacing=&#8221;default&#8221; desktop_text_alignment=&#8221;default&#8221; tablet_text_alignment=&#8221;default&#8221; phone_text_alignment=&#8221;default&#8221; background_color_opacity=&#8221;1&#8243; background_hover_color_opacity=&#8221;1&#8243; column_backdrop_filter=&#8221;none&#8221; column_shadow=&#8221;none&#8221; column_border_radius=&#8221;none&#8221; column_link_target=&#8221;_self&#8221; overflow=&#8221;visible&#8221; gradient_direction=&#8221;left_to_right&#8221; overlay_strength=&#8221;0.3&#8243; width=&#8221;1\/2&#8243; tablet_width_inherit=&#8221;default&#8221; animation_type=&#8221;default&#8221; bg_image_animation=&#8221;none&#8221; border_type=&#8221;simple&#8221; column_border_width=&#8221;none&#8221; column_border_style=&#8221;solid&#8221;][\/vc_column_inner][\/vc_row_inner][\/vc_column][\/vc_row][vc_row type=&#8221;full_width_background&#8221; full_screen_row_position=&#8221;middle&#8221; column_margin=&#8221;default&#8221; column_direction=&#8221;default&#8221; column_direction_tablet=&#8221;default&#8221; column_direction_phone=&#8221;default&#8221; bg_color=&#8221;#f6f6f6&#8243; bg_image=&#8221;146&#8243; bg_image_phone=&#8221;48&#8243; bg_position=&#8221;right center&#8221; background_image_loading=&#8221;default&#8221; bg_repeat=&#8221;no-repeat&#8221; scene_position=&#8221;center&#8221; top_padding=&#8221;6%&#8221; bottom_padding=&#8221;6%&#8221; text_color=&#8221;dark&#8221; text_align=&#8221;left&#8221; row_border_radius=&#8221;none&#8221; row_border_radius_applies=&#8221;bg&#8221; overflow=&#8221;visible&#8221; shape_divider_position=&#8221;bottom&#8221; bg_image_animation=&#8221;none&#8221; gradient_type=&#8221;advanced&#8221; shape_type=&#8221;&#8221; advanced_gradient_display_type=&#8221;linear&#8221;][vc_column column_padding=&#8221;no-extra-padding&#8221; column_padding_tablet=&#8221;inherit&#8221; column_padding_phone=&#8221;inherit&#8221; column_padding_position=&#8221;all&#8221; column_element_direction_desktop=&#8221;default&#8221; column_element_spacing=&#8221;default&#8221; desktop_text_alignment=&#8221;default&#8221; tablet_text_alignment=&#8221;default&#8221; phone_text_alignment=&#8221;default&#8221; background_color_opacity=&#8221;1&#8243; background_hover_color_opacity=&#8221;1&#8243; column_backdrop_filter=&#8221;none&#8221; column_shadow=&#8221;none&#8221; column_border_radius=&#8221;none&#8221; column_link_target=&#8221;_self&#8221; column_position=&#8221;default&#8221; gradient_direction=&#8221;left_to_right&#8221; overlay_strength=&#8221;0.3&#8243; width=&#8221;1\/1&#8243; tablet_width_inherit=&#8221;default&#8221; animation_type=&#8221;default&#8221; bg_image_animation=&#8221;none&#8221; border_type=&#8221;simple&#8221; column_border_width=&#8221;none&#8221; column_border_style=&#8221;solid&#8221; column_padding_type=&#8221;default&#8221; gradient_type=&#8221;default&#8221;][nectar_post_grid post_type=&#8221;post&#8221; blog_category=&#8221;nachrichten&#8221; order=&#8221;DESC&#8221; orderby=&#8221;date&#8221; pagination=&#8221;none&#8221; columns=&#8221;3&#8243; columns_tablet=&#8221;default&#8221; columns_phone=&#8221;default&#8221; grid_item_spacing=&#8221;10px&#8221; grid_item_height=&#8221;30vh&#8221; enable_sortable=&#8221;yes&#8221; sortable_alignment=&#8221;left&#8221; sortable_color=&#8221;accent-color&#8221; 3_col_masonry_layout=&#8221;vert_staggered&#8221; image_size=&#8221;large&#8221; image_loading=&#8221;default&#8221; animation=&#8221;none&#8221; animation_stagger=&#8221;90&#8243; animation_easing=&#8221;default&#8221; heading_tag=&#8221;h4&#8243; display_categories=&#8221;yes&#8221; category_functionality=&#8221;static&#8221; category_position=&#8221;overlaid&#8221; category_style=&#8221;button&#8221; category_display=&#8221;default&#8221; additional_meta_size=&#8221;small&#8221; grid_style=&#8221;content_under_image&#8221; card_design=&#8221;yes&#8221; card_bg_color=&#8221;#ffffff&#8221; content_under_image_text_align=&#8221;left&#8221; text_color=&#8221;dark&#8221; hover_effect=&#8221;zoom&#8221; border_radius=&#8221;15px&#8221; shadow_on_hover=&#8221;yes&#8221; posts_per_page=&#8221;12&#8243; display_type=&#8221;grid&#8221;][\/vc_column][\/vc_row][vc_row type=&#8221;full_width_background&#8221; full_screen_row_position=&#8221;middle&#8221; column_margin=&#8221;default&#8221; column_direction=&#8221;default&#8221; column_direction_tablet=&#8221;default&#8221; column_direction_phone=&#8221;default&#8221; bg_image=&#8221;2817&#8243; bg_position=&#8221;center center&#8221; background_image_loading=&#8221;default&#8221; bg_repeat=&#8221;no-repeat&#8221; scene_position=&#8221;center&#8221; top_padding=&#8221;6%&#8221; bottom_padding=&#8221;6%&#8221; text_color=&#8221;light&#8221; text_align=&#8221;left&#8221; row_border_radius=&#8221;none&#8221; row_border_radius_applies=&#8221;bg&#8221; overflow=&#8221;visible&#8221; id=&#8221;contact&#8221; overlay_strength=&#8221;0.3&#8243; gradient_direction=&#8221;left_to_right&#8221; shape_divider_position=&#8221;bottom&#8221; bg_image_animation=&#8221;none&#8221; gradient_type=&#8221;default&#8221; shape_type=&#8221;&#8221;][vc_column column_padding=&#8221;no-extra-padding&#8221; column_padding_tablet=&#8221;inherit&#8221; column_padding_phone=&#8221;inherit&#8221; column_padding_position=&#8221;all&#8221; column_element_direction_desktop=&#8221;default&#8221; column_element_spacing=&#8221;default&#8221; desktop_text_alignment=&#8221;default&#8221; tablet_text_alignment=&#8221;default&#8221; phone_text_alignment=&#8221;default&#8221; background_color_opacity=&#8221;1&#8243; background_hover_color_opacity=&#8221;1&#8243; column_backdrop_filter=&#8221;none&#8221; column_shadow=&#8221;none&#8221; column_border_radius=&#8221;none&#8221; column_link_target=&#8221;_self&#8221; column_position=&#8221;default&#8221; gradient_direction=&#8221;left_to_right&#8221; overlay_strength=&#8221;0.3&#8243; width=&#8221;1\/1&#8243; tablet_width_inherit=&#8221;default&#8221; animation_type=&#8221;default&#8221; bg_image_animation=&#8221;none&#8221; border_type=&#8221;simple&#8221; column_border_width=&#8221;none&#8221; column_border_style=&#8221;solid&#8221;][vc_row_inner equal_height=&#8221;yes&#8221; content_placement=&#8221;middle&#8221; column_margin=&#8221;default&#8221; column_direction=&#8221;default&#8221; column_direction_tablet=&#8221;default&#8221; column_direction_phone=&#8221;default&#8221; text_align=&#8221;left&#8221; row_position=&#8221;default&#8221; row_position_tablet=&#8221;inherit&#8221; row_position_phone=&#8221;inherit&#8221; overflow=&#8221;visible&#8221; pointer_events=&#8221;all&#8221;][vc_column_inner column_padding=&#8221;padding-5-percent&#8221; column_padding_tablet=&#8221;inherit&#8221; column_padding_phone=&#8221;inherit&#8221; column_padding_position=&#8221;all&#8221; column_element_direction_desktop=&#8221;default&#8221; column_element_spacing=&#8221;default&#8221; desktop_text_alignment=&#8221;default&#8221; tablet_text_alignment=&#8221;default&#8221; phone_text_alignment=&#8221;default&#8221; background_color=&#8221;#021c29&#8243; background_color_opacity=&#8221;0.9&#8243; background_hover_color_opacity=&#8221;1&#8243; column_backdrop_filter=&#8221;none&#8221; column_shadow=&#8221;medium_depth&#8221; column_border_radius=&#8221;50px&#8221; column_link_target=&#8221;_self&#8221; overflow=&#8221;visible&#8221; gradient_direction=&#8221;left_to_right&#8221; overlay_strength=&#8221;0.3&#8243; width=&#8221;1\/2&#8243; tablet_width_inherit=&#8221;default&#8221; animation_type=&#8221;default&#8221; bg_image_animation=&#8221;none&#8221; border_type=&#8221;simple&#8221; column_border_width=&#8221;none&#8221; column_border_style=&#8221;solid&#8221; column_padding_type=&#8221;default&#8221; gradient_type=&#8221;default&#8221;][vc_column_text]\n<h6><span style=\"color: #e85526;\">KOMM ARBEITEN BEI TRANSITO<\/span><\/h6>\n[\/vc_column_text][vc_column_text el_class=&#8221;subzin&#8221;]&#8221;M\u00f6chtest du dich auch t\u00e4glich mit der Welt der Binnenschifffahrt besch\u00e4ftigen? Komm und arbeite bei Transito!&#8221;[\/vc_column_text][divider line_type=&#8221;Full Width Line&#8221; line_thickness=&#8221;1&#8243; divider_color=&#8221;default&#8221; animate=&#8221;yes&#8221;][nectar_btn size=&#8221;large&#8221; button_style=&#8221;regular&#8221; button_color_2=&#8221;Accent-Color&#8221; icon_family=&#8221;none&#8221; text=&#8221;Unsere Stellenangebote&#8221; url=&#8221;\/de\/arbeiten-bei-transito\/&#8221;][\/vc_column_inner][vc_column_inner column_padding=&#8221;no-extra-padding&#8221; column_padding_tablet=&#8221;inherit&#8221; column_padding_phone=&#8221;inherit&#8221; column_padding_position=&#8221;all&#8221; column_element_direction_desktop=&#8221;default&#8221; column_element_spacing=&#8221;default&#8221; desktop_text_alignment=&#8221;default&#8221; tablet_text_alignment=&#8221;default&#8221; phone_text_alignment=&#8221;default&#8221; background_color_opacity=&#8221;1&#8243; background_hover_color_opacity=&#8221;1&#8243; column_backdrop_filter=&#8221;none&#8221; column_shadow=&#8221;none&#8221; column_border_radius=&#8221;none&#8221; column_link_target=&#8221;_self&#8221; overflow=&#8221;visible&#8221; gradient_direction=&#8221;left_to_right&#8221; overlay_strength=&#8221;0.3&#8243; width=&#8221;1\/2&#8243; tablet_width_inherit=&#8221;default&#8221; animation_type=&#8221;default&#8221; bg_image_animation=&#8221;none&#8221; border_type=&#8221;simple&#8221; column_border_width=&#8221;none&#8221; column_border_style=&#8221;solid&#8221;][\/vc_column_inner][\/vc_row_inner][\/vc_column][\/vc_row]\n","protected":false},"excerpt":{"rendered":"<p>[vc_row type=&#8221;full_width_background&#8221; full_screen_row_position=&#8221;middle&#8221; column_margin=&#8221;default&#8221; column_direction=&#8221;default&#8221; column_direction_tablet=&#8221;default&#8221; column_direction_phone=&#8221;default&#8221; bg_color=&#8221;#021c29&#8243; bg_image=&#8221;98&#8243; bg_position=&#8221;center center&#8221; background_image_loading=&#8221;default&#8221; bg_repeat=&#8221;no-repeat&#8221; scene_position=&#8221;center&#8221; top_padding=&#8221;10%&#8221; bottom_padding=&#8221;100px&#8221; top_padding_phone=&#8221;100px&#8221; bottom_padding_phone=&#8221;100px&#8221; text_color=&#8221;light&#8221; text_align=&#8221;left&#8221; row_border_radius=&#8221;none&#8221; row_border_radius_applies=&#8221;bg&#8221; overflow=&#8221;visible&#8221; class=&#8221;swoosh-orange&#8221; color_overlay_2=&#8221;rgba(2,28,41,0.01)&#8221; overlay_strength=&#8221;0.5&#8243; gradient_direction=&#8221;left_to_right&#8221; shape_divider_position=&#8221;bottom&#8221; bg_image_animation=&#8221;none&#8221; gradient_type=&#8221;default&#8221;&#8230;<\/p>\n","protected":false},"author":1,"featured_media":0,"parent":0,"menu_order":0,"comment_status":"closed","ping_status":"closed","template":"","meta":{"inline_featured_image":false,"footnotes":""},"class_list":["post-1518","page","type-page","status-publish"],"yoast_head":"<!-- This site is optimized with the Yoast SEO plugin v26.3 - https:\/\/yoast.com\/wordpress\/plugins\/seo\/ -->\n<title>Unsere Nachrichten &amp; Aktualisierungen | Transito Bevrachting<\/title>\n<meta name=\"description\" content=\"Bleiben Sie auf dem Laufenden \u00fcber aktuelle Nachrichten und Updates zu Transito auf unserer Seite. Entdecken Sie relevante Informationen.\" \/>\n<meta name=\"robots\" content=\"index, follow, max-snippet:-1, max-image-preview:large, max-video-preview:-1\" \/>\n<link rel=\"canonical\" href=\"https:\/\/transito.nl\/de\/nachrichten-aktualisierungen\/\" \/>\n<meta property=\"og:locale\" content=\"de_DE\" \/>\n<meta property=\"og:type\" content=\"article\" \/>\n<meta property=\"og:title\" content=\"Unsere Nachrichten &amp; Aktualisierungen | Transito Bevrachting\" \/>\n<meta property=\"og:description\" content=\"Bleiben Sie auf dem Laufenden \u00fcber aktuelle Nachrichten und Updates zu Transito auf unserer Seite. Entdecken Sie relevante Informationen.\" \/>\n<meta property=\"og:url\" content=\"https:\/\/transito.nl\/de\/nachrichten-aktualisierungen\/\" \/>\n<meta property=\"og:site_name\" content=\"Transito\" \/>\n<meta property=\"article:modified_time\" content=\"2024-09-05T13:35:47+00:00\" \/>\n<meta name=\"twitter:card\" content=\"summary_large_image\" \/>\n<meta name=\"twitter:label1\" content=\"Gesch\u00e4tzte Lesezeit\" \/>\n\t<meta name=\"twitter:data1\" content=\"3\u00a0Minuten\" \/>\n<script type=\"application\/ld+json\" class=\"yoast-schema-graph\">{\"@context\":\"https:\/\/schema.org\",\"@graph\":[{\"@type\":\"WebPage\",\"@id\":\"https:\/\/transito.nl\/de\/nachrichten-aktualisierungen\/\",\"url\":\"https:\/\/transito.nl\/de\/nachrichten-aktualisierungen\/\",\"name\":\"Unsere Nachrichten & Aktualisierungen | Transito Bevrachting\",\"isPartOf\":{\"@id\":\"https:\/\/transito.nl\/#website\"},\"datePublished\":\"2023-11-20T16:31:16+00:00\",\"dateModified\":\"2024-09-05T13:35:47+00:00\",\"description\":\"Bleiben Sie auf dem Laufenden \u00fcber aktuelle Nachrichten und Updates zu Transito auf unserer Seite. Entdecken Sie relevante Informationen.\",\"breadcrumb\":{\"@id\":\"https:\/\/transito.nl\/de\/nachrichten-aktualisierungen\/#breadcrumb\"},\"inLanguage\":\"de\",\"potentialAction\":[{\"@type\":\"ReadAction\",\"target\":[\"https:\/\/transito.nl\/de\/nachrichten-aktualisierungen\/\"]}]},{\"@type\":\"BreadcrumbList\",\"@id\":\"https:\/\/transito.nl\/de\/nachrichten-aktualisierungen\/#breadcrumb\",\"itemListElement\":[{\"@type\":\"ListItem\",\"position\":1,\"name\":\"Home\",\"item\":\"https:\/\/transito.nl\/de\/\"},{\"@type\":\"ListItem\",\"position\":2,\"name\":\"Nachrichten &#038; Aktualisierungen\"}]},{\"@type\":\"WebSite\",\"@id\":\"https:\/\/transito.nl\/#website\",\"url\":\"https:\/\/transito.nl\/\",\"name\":\"Transito Bevrachting\",\"description\":\"Binnenvaart, zeevaart &amp; agentschap\",\"publisher\":{\"@id\":\"https:\/\/transito.nl\/#organization\"},\"alternateName\":\"Transito Bevrachting\",\"potentialAction\":[{\"@type\":\"SearchAction\",\"target\":{\"@type\":\"EntryPoint\",\"urlTemplate\":\"https:\/\/transito.nl\/?s={search_term_string}\"},\"query-input\":{\"@type\":\"PropertyValueSpecification\",\"valueRequired\":true,\"valueName\":\"search_term_string\"}}],\"inLanguage\":\"de\"},{\"@type\":\"Organization\",\"@id\":\"https:\/\/transito.nl\/#organization\",\"name\":\"Transito Bevrachting\",\"alternateName\":\"Transito Bevrachting\",\"url\":\"https:\/\/transito.nl\/\",\"logo\":{\"@type\":\"ImageObject\",\"inLanguage\":\"de\",\"@id\":\"https:\/\/transito.nl\/#\/schema\/logo\/image\/\",\"url\":\"http:\/\/transito.nl\/wp-content\/uploads\/2023\/11\/transito-light.svg\",\"contentUrl\":\"http:\/\/transito.nl\/wp-content\/uploads\/2023\/11\/transito-light.svg\",\"width\":\"1024\",\"height\":\"1024\",\"caption\":\"Transito Bevrachting\"},\"image\":{\"@id\":\"https:\/\/transito.nl\/#\/schema\/logo\/image\/\"}}]}<\/script>\n<!-- \/ Yoast SEO plugin. -->","yoast_head_json":{"title":"Unsere Nachrichten & Aktualisierungen | Transito Bevrachting","description":"Bleiben Sie auf dem Laufenden \u00fcber aktuelle Nachrichten und Updates zu Transito auf unserer Seite. Entdecken Sie relevante Informationen.","robots":{"index":"index","follow":"follow","max-snippet":"max-snippet:-1","max-image-preview":"max-image-preview:large","max-video-preview":"max-video-preview:-1"},"canonical":"https:\/\/transito.nl\/de\/nachrichten-aktualisierungen\/","og_locale":"de_DE","og_type":"article","og_title":"Unsere Nachrichten & Aktualisierungen | Transito Bevrachting","og_description":"Bleiben Sie auf dem Laufenden \u00fcber aktuelle Nachrichten und Updates zu Transito auf unserer Seite. Entdecken Sie relevante Informationen.","og_url":"https:\/\/transito.nl\/de\/nachrichten-aktualisierungen\/","og_site_name":"Transito","article_modified_time":"2024-09-05T13:35:47+00:00","twitter_card":"summary_large_image","twitter_misc":{"Gesch\u00e4tzte Lesezeit":"3\u00a0Minuten"},"schema":{"@context":"https:\/\/schema.org","@graph":[{"@type":"WebPage","@id":"https:\/\/transito.nl\/de\/nachrichten-aktualisierungen\/","url":"https:\/\/transito.nl\/de\/nachrichten-aktualisierungen\/","name":"Unsere Nachrichten & Aktualisierungen | Transito Bevrachting","isPartOf":{"@id":"https:\/\/transito.nl\/#website"},"datePublished":"2023-11-20T16:31:16+00:00","dateModified":"2024-09-05T13:35:47+00:00","description":"Bleiben Sie auf dem Laufenden \u00fcber aktuelle Nachrichten und Updates zu Transito auf unserer Seite. Entdecken Sie relevante Informationen.","breadcrumb":{"@id":"https:\/\/transito.nl\/de\/nachrichten-aktualisierungen\/#breadcrumb"},"inLanguage":"de","potentialAction":[{"@type":"ReadAction","target":["https:\/\/transito.nl\/de\/nachrichten-aktualisierungen\/"]}]},{"@type":"BreadcrumbList","@id":"https:\/\/transito.nl\/de\/nachrichten-aktualisierungen\/#breadcrumb","itemListElement":[{"@type":"ListItem","position":1,"name":"Home","item":"https:\/\/transito.nl\/de\/"},{"@type":"ListItem","position":2,"name":"Nachrichten &#038; Aktualisierungen"}]},{"@type":"WebSite","@id":"https:\/\/transito.nl\/#website","url":"https:\/\/transito.nl\/","name":"Transito Bevrachting","description":"Binnenvaart, zeevaart &amp; agentschap","publisher":{"@id":"https:\/\/transito.nl\/#organization"},"alternateName":"Transito Bevrachting","potentialAction":[{"@type":"SearchAction","target":{"@type":"EntryPoint","urlTemplate":"https:\/\/transito.nl\/?s={search_term_string}"},"query-input":{"@type":"PropertyValueSpecification","valueRequired":true,"valueName":"search_term_string"}}],"inLanguage":"de"},{"@type":"Organization","@id":"https:\/\/transito.nl\/#organization","name":"Transito Bevrachting","alternateName":"Transito Bevrachting","url":"https:\/\/transito.nl\/","logo":{"@type":"ImageObject","inLanguage":"de","@id":"https:\/\/transito.nl\/#\/schema\/logo\/image\/","url":"http:\/\/transito.nl\/wp-content\/uploads\/2023\/11\/transito-light.svg","contentUrl":"http:\/\/transito.nl\/wp-content\/uploads\/2023\/11\/transito-light.svg","width":"1024","height":"1024","caption":"Transito Bevrachting"},"image":{"@id":"https:\/\/transito.nl\/#\/schema\/logo\/image\/"}}]}},"_links":{"self":[{"href":"https:\/\/transito.nl\/de\/wp-json\/wp\/v2\/pages\/1518","targetHints":{"allow":["GET"]}}],"collection":[{"href":"https:\/\/transito.nl\/de\/wp-json\/wp\/v2\/pages"}],"about":[{"href":"https:\/\/transito.nl\/de\/wp-json\/wp\/v2\/types\/page"}],"author":[{"embeddable":true,"href":"https:\/\/transito.nl\/de\/wp-json\/wp\/v2\/users\/1"}],"replies":[{"embeddable":true,"href":"https:\/\/transito.nl\/de\/wp-json\/wp\/v2\/comments?post=1518"}],"version-history":[{"count":7,"href":"https:\/\/transito.nl\/de\/wp-json\/wp\/v2\/pages\/1518\/revisions"}],"predecessor-version":[{"id":2821,"href":"https:\/\/transito.nl\/de\/wp-json\/wp\/v2\/pages\/1518\/revisions\/2821"}],"wp:attachment":[{"href":"https:\/\/transito.nl\/de\/wp-json\/wp\/v2\/media?parent=1518"}],"curies":[{"name":"wp","href":"https:\/\/api.w.org\/{rel}","templated":true}]}}